{"id":18,"date":"2021-07-21T19:50:33","date_gmt":"2021-07-21T17:50:33","guid":{"rendered":"https:\/\/treffpunkt-17.de\/wordpress\/?page_id=18"},"modified":"2021-07-21T21:38:53","modified_gmt":"2021-07-21T19:38:53","slug":"das-neue-museum-oeffnet-seine-tueren-2","status":"publish","type":"page","link":"https:\/\/treffpunkt-17.de\/","title":{"rendered":"Dein exklusiver Treffpunkt f\u00fcr feine Events."},"content":{"rendered":"\n<p><\/p>\n\n\n\n<div class=\"wp-block-group alignwide\"><div class=\"wp-block-group__inner-container\">\n<h2 class=\"has-text-align-center\">das Leuchte-Herzchen-am-Fenster-Etablissement<\/h2>\n<\/div><\/div>\n\n\n\n<div class=\"wp-block-columns alignwide\">\n<div class=\"wp-block-column\">\n<div class=\"wp-block-group\"><div class=\"wp-block-group__inner-container\">\n<div class=\"wp-block-cover alignfull has-background-dim\" style=\"min-height:500px\"><img loading=\"lazy\" width=\"1707\" height=\"2560\" class=\"wp-block-cover__image-background wp-image-89\" alt=\"\" src=\"https:\/\/treffpunkt-17.de\/wp-content\/uploads\/2021\/07\/dev-asangbam-sJipHSttNXo-unsplash-1-scaled.jpg\" data-object-fit=\"cover\" srcset=\"https:\/\/treffpunkt-17.de\/wp-content\/uploads\/2021\/07\/dev-asangbam-sJipHSttNXo-unsplash-1-scaled.jpg 1707w, https:\/\/treffpunkt-17.de\/wp-content\/uploads\/2021\/07\/dev-asangbam-sJipHSttNXo-unsplash-1-200x300.jpg 200w, https:\/\/treffpunkt-17.de\/wp-content\/uploads\/2021\/07\/dev-asangbam-sJipHSttNXo-unsplash-1-683x1024.jpg 683w, https:\/\/treffpunkt-17.de\/wp-content\/uploads\/2021\/07\/dev-asangbam-sJipHSttNXo-unsplash-1-768x1152.jpg 768w, https:\/\/treffpunkt-17.de\/wp-content\/uploads\/2021\/07\/dev-asangbam-sJipHSttNXo-unsplash-1-1024x1536.jpg 1024w, https:\/\/treffpunkt-17.de\/wp-content\/uploads\/2021\/07\/dev-asangbam-sJipHSttNXo-unsplash-1-1365x2048.jpg 1365w, https:\/\/treffpunkt-17.de\/wp-content\/uploads\/2021\/07\/dev-asangbam-sJipHSttNXo-unsplash-1-1200x1800.jpg 1200w\" sizes=\"(max-width: 1707px) 100vw, 1707px\" \/><div class=\"wp-block-cover__inner-container\">\n<p class=\"has-large-font-size\"><a href=\"https:\/\/treffpunkt-17.de\/?page_id=49\" data-type=\"page\" data-id=\"49\">Aktuelle Woche<\/a><\/p>\n\n\n\n<p>Wem du im Treffpunkt 17 begegnest<\/p>\n<\/div><\/div>\n\n\n\n<div class=\"wp-block-cover alignfull has-background-dim\" style=\"min-height:500px\"><img loading=\"lazy\" width=\"1920\" height=\"2400\" class=\"wp-block-cover__image-background wp-image-95\" alt=\"\" src=\"https:\/\/treffpunkt-17.de\/wp-content\/uploads\/2021\/07\/tina-witherspoon-W7gNqZOUx2A-unsplash.jpg\" data-object-fit=\"cover\" srcset=\"https:\/\/treffpunkt-17.de\/wp-content\/uploads\/2021\/07\/tina-witherspoon-W7gNqZOUx2A-unsplash.jpg 1920w, https:\/\/treffpunkt-17.de\/wp-content\/uploads\/2021\/07\/tina-witherspoon-W7gNqZOUx2A-unsplash-240x300.jpg 240w, https:\/\/treffpunkt-17.de\/wp-content\/uploads\/2021\/07\/tina-witherspoon-W7gNqZOUx2A-unsplash-819x1024.jpg 819w, https:\/\/treffpunkt-17.de\/wp-content\/uploads\/2021\/07\/tina-witherspoon-W7gNqZOUx2A-unsplash-768x960.jpg 768w, https:\/\/treffpunkt-17.de\/wp-content\/uploads\/2021\/07\/tina-witherspoon-W7gNqZOUx2A-unsplash-1229x1536.jpg 1229w, https:\/\/treffpunkt-17.de\/wp-content\/uploads\/2021\/07\/tina-witherspoon-W7gNqZOUx2A-unsplash-1638x2048.jpg 1638w, https:\/\/treffpunkt-17.de\/wp-content\/uploads\/2021\/07\/tina-witherspoon-W7gNqZOUx2A-unsplash-1200x1500.jpg 1200w\" sizes=\"(max-width: 1920px) 100vw, 1920px\" \/><div class=\"wp-block-cover__inner-container\">\n<p class=\"has-large-font-size\"><a href=\"https:\/\/treffpunkt-17.de\/?page_id=57\" data-type=\"page\" data-id=\"57\">Veranstaltungen<\/a><\/p>\n\n\n\n<p>Aktuelle Veranstaltungen im Treffpunkt 17<\/p>\n<\/div><\/div>\n<\/div><\/div>\n\n\n\n<div class=\"wp-block-group\"><div class=\"wp-block-group__inner-container\"><\/div><\/div>\n<\/div>\n\n\n\n<div class=\"wp-block-column\">\n<div class=\"wp-block-group\"><div class=\"wp-block-group__inner-container\">\n<div class=\"wp-block-cover alignfull has-background-dim\" style=\"min-height:500px\"><img loading=\"lazy\" width=\"1920\" height=\"1280\" class=\"wp-block-cover__image-background wp-image-93\" alt=\"\" src=\"https:\/\/treffpunkt-17.de\/wp-content\/uploads\/2021\/07\/michael-fenton-0ZQ8vojHNuc-unsplash.jpg\" data-object-fit=\"cover\" srcset=\"https:\/\/treffpunkt-17.de\/wp-content\/uploads\/2021\/07\/michael-fenton-0ZQ8vojHNuc-unsplash.jpg 1920w, https:\/\/treffpunkt-17.de\/wp-content\/uploads\/2021\/07\/michael-fenton-0ZQ8vojHNuc-unsplash-300x200.jpg 300w, https:\/\/treffpunkt-17.de\/wp-content\/uploads\/2021\/07\/michael-fenton-0ZQ8vojHNuc-unsplash-1024x683.jpg 1024w, https:\/\/treffpunkt-17.de\/wp-content\/uploads\/2021\/07\/michael-fenton-0ZQ8vojHNuc-unsplash-768x512.jpg 768w, https:\/\/treffpunkt-17.de\/wp-content\/uploads\/2021\/07\/michael-fenton-0ZQ8vojHNuc-unsplash-1536x1024.jpg 1536w, https:\/\/treffpunkt-17.de\/wp-content\/uploads\/2021\/07\/michael-fenton-0ZQ8vojHNuc-unsplash-1200x800.jpg 1200w\" sizes=\"(max-width: 1920px) 100vw, 1920px\" \/><div class=\"wp-block-cover__inner-container\">\n<p class=\"has-large-font-size\"><a href=\"https:\/\/treffpunkt-17.de\/?page_id=56\" data-type=\"page\" data-id=\"56\">Service &amp; Ambiente<\/a><\/p>\n\n\n\n<p>Deine Angebote im Treffpunkt 17<\/p>\n<\/div><\/div>\n\n\n\n<div class=\"wp-block-cover alignfull has-background-dim\" style=\"min-height:500px\"><img loading=\"lazy\" width=\"1387\" height=\"2560\" class=\"wp-block-cover__image-background wp-image-96\" alt=\"\" src=\"https:\/\/treffpunkt-17.de\/wp-content\/uploads\/2021\/07\/annie-spratt-6-rqxRx3RKo-unsplash-scaled.jpg\" style=\"object-position:46% 22%\" data-object-fit=\"cover\" data-object-position=\"46% 22%\" srcset=\"https:\/\/treffpunkt-17.de\/wp-content\/uploads\/2021\/07\/annie-spratt-6-rqxRx3RKo-unsplash-scaled.jpg 1387w, https:\/\/treffpunkt-17.de\/wp-content\/uploads\/2021\/07\/annie-spratt-6-rqxRx3RKo-unsplash-162x300.jpg 162w, https:\/\/treffpunkt-17.de\/wp-content\/uploads\/2021\/07\/annie-spratt-6-rqxRx3RKo-unsplash-555x1024.jpg 555w, https:\/\/treffpunkt-17.de\/wp-content\/uploads\/2021\/07\/annie-spratt-6-rqxRx3RKo-unsplash-768x1418.jpg 768w, https:\/\/treffpunkt-17.de\/wp-content\/uploads\/2021\/07\/annie-spratt-6-rqxRx3RKo-unsplash-832x1536.jpg 832w, https:\/\/treffpunkt-17.de\/wp-content\/uploads\/2021\/07\/annie-spratt-6-rqxRx3RKo-unsplash-1109x2048.jpg 1109w, https:\/\/treffpunkt-17.de\/wp-content\/uploads\/2021\/07\/annie-spratt-6-rqxRx3RKo-unsplash-1200x2216.jpg 1200w\" sizes=\"(max-width: 1387px) 100vw, 1387px\" \/><div class=\"wp-block-cover__inner-container\">\n<p class=\"has-large-font-size\"><a href=\"https:\/\/treffpunkt-17.de\/?page_id=58\" data-type=\"page\" data-id=\"58\">Preise<\/a><\/p>\n\n\n\n<p>Dein Besuch im Treffpunkt 17<\/p>\n<\/div><\/div>\n<\/div><\/div>\n\n\n\n<div class=\"wp-block-group\"><div class=\"wp-block-group__inner-container\"><\/div><\/div>\n<\/div>\n<\/div>\n\n\n\n<h2 class=\"has-text-align-center\">Diskret &amp; Tabulos<\/h2>\n\n\n\n<p class=\"has-text-align-center\">Was im Treffpunkt 17 passiert, bleibt im Treffpunkt 17.<\/p>\n\n\n\n<hr class=\"wp-block-separator\"\/>\n\n\n\n<div class=\"wp-block-group alignwide\"><div class=\"wp-block-group__inner-container\">\n<h2 class=\"has-text-align-center has-accent-color has-text-color\">\u201eDie Beste Erfahrung in meinem Leben. <br>Ich bin froh, dass ich Teil vom Treffpunkt 17 bin!\u201c<\/h2>\n<\/div><\/div>\n\n\n\n<p class=\"has-drop-cap\">Auf drei Etagen beeindruckender Architektur zeigt der Treffpunkt 17 diverse Aktionen &amp; Werke internationaler und zeitgen\u00f6ssischer Kunst, teilweise im Rahmen kunsterotischer Retrospektiven. Existenzielle, politische und philosophische Fragen sind Bestandteil unseres Programms. Unsere Besucher sind herzlich eingeladen zu F\u00fchrungen, K\u00fcnstlergespr\u00e4chen, Vortr\u00e4gen, Filmvorf\u00fchrungen und anderen Veranstaltungen mit teils freiem Eintritt.<\/p>\n\n\n\n<p>Die Ausstellungen werden vom \u201eTreffpunkt 17\u201c in Zusammenarbeit mit K\u00fcnstlern und Etablissements auf der ganzen Welt produziert und finden oft internationale Anerkennung. Der Treffpunkt geh\u00f6rt zu den Spitzenkandidaten f\u00fcr den deutschen Event-Location of the Year Award, sowie f\u00fcr den Event-Location-Preis des Europarates.<\/p>\n\n\n\n<p><\/p>\n\n\n\n<div class=\"wp-block-cover alignwide has-background-dim\"><img loading=\"lazy\" width=\"1920\" height=\"1280\" class=\"wp-block-cover__image-background wp-image-103\" alt=\"\" src=\"https:\/\/treffpunkt-17.de\/wp-content\/uploads\/2021\/07\/tim-mossholder-WHXbCz2KWhE-unsplash-1.jpg\" data-object-fit=\"cover\" srcset=\"https:\/\/treffpunkt-17.de\/wp-content\/uploads\/2021\/07\/tim-mossholder-WHXbCz2KWhE-unsplash-1.jpg 1920w, https:\/\/treffpunkt-17.de\/wp-content\/uploads\/2021\/07\/tim-mossholder-WHXbCz2KWhE-unsplash-1-300x200.jpg 300w, https:\/\/treffpunkt-17.de\/wp-content\/uploads\/2021\/07\/tim-mossholder-WHXbCz2KWhE-unsplash-1-1024x683.jpg 1024w, https:\/\/treffpunkt-17.de\/wp-content\/uploads\/2021\/07\/tim-mossholder-WHXbCz2KWhE-unsplash-1-768x512.jpg 768w, https:\/\/treffpunkt-17.de\/wp-content\/uploads\/2021\/07\/tim-mossholder-WHXbCz2KWhE-unsplash-1-1536x1024.jpg 1536w, https:\/\/treffpunkt-17.de\/wp-content\/uploads\/2021\/07\/tim-mossholder-WHXbCz2KWhE-unsplash-1-1200x800.jpg 1200w\" sizes=\"(max-width: 1920px) 100vw, 1920px\" \/><div class=\"wp-block-cover__inner-container\">\n<p class=\"has-text-align-center has-large-font-size\">Mache den Treffpunkt 17 zu deinem Treffpunkt<\/p>\n\n\n\n<div class=\"wp-block-group alignwide\"><div class=\"wp-block-group__inner-container\">\n<div class=\"wp-block-buttons\">\n<div class=\"wp-block-button\"><a class=\"wp-block-button__link\" href=\"https:\/\/treffpunkt-17.de\/?page_id=58\">Mitglied Werden<\/a><\/div>\n<\/div>\n<\/div><\/div>\n<\/div><\/div>\n\n\n\n<figure class=\"wp-block-gallery alignwide columns-3 is-cropped\"><ul class=\"blocks-gallery-grid\"><li class=\"blocks-gallery-item\"><figure><img loading=\"lazy\" width=\"1024\" height=\"769\" src=\"https:\/\/treffpunkt-17.de\/wp-content\/uploads\/2021\/07\/kaysha-V3qzwMY2ak0-unsplash-1024x769.jpg\" alt=\"\" data-id=\"98\" data-link=\"https:\/\/treffpunkt-17.de\/?attachment_id=98\" class=\"wp-image-98\" srcset=\"https:\/\/treffpunkt-17.de\/wp-content\/uploads\/2021\/07\/kaysha-V3qzwMY2ak0-unsplash-1024x769.jpg 1024w, https:\/\/treffpunkt-17.de\/wp-content\/uploads\/2021\/07\/kaysha-V3qzwMY2ak0-unsplash-300x225.jpg 300w, https:\/\/treffpunkt-17.de\/wp-content\/uploads\/2021\/07\/kaysha-V3qzwMY2ak0-unsplash-768x577.jpg 768w, https:\/\/treffpunkt-17.de\/wp-content\/uploads\/2021\/07\/kaysha-V3qzwMY2ak0-unsplash-1536x1154.jpg 1536w, https:\/\/treffpunkt-17.de\/wp-content\/uploads\/2021\/07\/kaysha-V3qzwMY2ak0-unsplash-1200x901.jpg 1200w, https:\/\/treffpunkt-17.de\/wp-content\/uploads\/2021\/07\/kaysha-V3qzwMY2ak0-unsplash.jpg 1920w\" sizes=\"(max-width: 1024px) 100vw, 1024px\" \/><\/figure><\/li><li class=\"blocks-gallery-item\"><figure><img loading=\"lazy\" width=\"683\" height=\"1024\" src=\"https:\/\/treffpunkt-17.de\/wp-content\/uploads\/2021\/07\/brittani-burns-7FOVFdONpYQ-unsplash-683x1024.jpg\" alt=\"\" data-id=\"99\" data-link=\"https:\/\/treffpunkt-17.de\/?attachment_id=99\" class=\"wp-image-99\" srcset=\"https:\/\/treffpunkt-17.de\/wp-content\/uploads\/2021\/07\/brittani-burns-7FOVFdONpYQ-unsplash-683x1024.jpg 683w, https:\/\/treffpunkt-17.de\/wp-content\/uploads\/2021\/07\/brittani-burns-7FOVFdONpYQ-unsplash-200x300.jpg 200w, https:\/\/treffpunkt-17.de\/wp-content\/uploads\/2021\/07\/brittani-burns-7FOVFdONpYQ-unsplash-768x1152.jpg 768w, https:\/\/treffpunkt-17.de\/wp-content\/uploads\/2021\/07\/brittani-burns-7FOVFdONpYQ-unsplash-1024x1536.jpg 1024w, https:\/\/treffpunkt-17.de\/wp-content\/uploads\/2021\/07\/brittani-burns-7FOVFdONpYQ-unsplash-1365x2048.jpg 1365w, https:\/\/treffpunkt-17.de\/wp-content\/uploads\/2021\/07\/brittani-burns-7FOVFdONpYQ-unsplash-1200x1800.jpg 1200w, https:\/\/treffpunkt-17.de\/wp-content\/uploads\/2021\/07\/brittani-burns-7FOVFdONpYQ-unsplash-scaled.jpg 1707w\" sizes=\"(max-width: 683px) 100vw, 683px\" \/><\/figure><\/li><li class=\"blocks-gallery-item\"><figure><img loading=\"lazy\" width=\"987\" height=\"1024\" src=\"https:\/\/treffpunkt-17.de\/wp-content\/uploads\/2021\/07\/michael-discenza-MxfcoxycH_Y-unsplash-987x1024.jpg\" alt=\"\" data-id=\"100\" data-link=\"https:\/\/treffpunkt-17.de\/?attachment_id=100\" class=\"wp-image-100\" srcset=\"https:\/\/treffpunkt-17.de\/wp-content\/uploads\/2021\/07\/michael-discenza-MxfcoxycH_Y-unsplash-987x1024.jpg 987w, https:\/\/treffpunkt-17.de\/wp-content\/uploads\/2021\/07\/michael-discenza-MxfcoxycH_Y-unsplash-289x300.jpg 289w, https:\/\/treffpunkt-17.de\/wp-content\/uploads\/2021\/07\/michael-discenza-MxfcoxycH_Y-unsplash-768x797.jpg 768w, https:\/\/treffpunkt-17.de\/wp-content\/uploads\/2021\/07\/michael-discenza-MxfcoxycH_Y-unsplash-1480x1536.jpg 1480w, https:\/\/treffpunkt-17.de\/wp-content\/uploads\/2021\/07\/michael-discenza-MxfcoxycH_Y-unsplash-1200x1245.jpg 1200w, https:\/\/treffpunkt-17.de\/wp-content\/uploads\/2021\/07\/michael-discenza-MxfcoxycH_Y-unsplash.jpg 1920w\" sizes=\"(max-width: 987px) 100vw, 987px\" \/><\/figure><\/li><li class=\"blocks-gallery-item\"><figure><img loading=\"lazy\" width=\"1024\" height=\"684\" src=\"https:\/\/treffpunkt-17.de\/wp-content\/uploads\/2021\/07\/kats-weil-CLD1i8hp008-unsplash-1024x684.jpg\" alt=\"\" data-id=\"101\" data-full-url=\"https:\/\/treffpunkt-17.de\/wp-content\/uploads\/2021\/07\/kats-weil-CLD1i8hp008-unsplash.jpg\" data-link=\"https:\/\/treffpunkt-17.de\/?attachment_id=101\" class=\"wp-image-101\" srcset=\"https:\/\/treffpunkt-17.de\/wp-content\/uploads\/2021\/07\/kats-weil-CLD1i8hp008-unsplash-1024x684.jpg 1024w, https:\/\/treffpunkt-17.de\/wp-content\/uploads\/2021\/07\/kats-weil-CLD1i8hp008-unsplash-300x200.jpg 300w, https:\/\/treffpunkt-17.de\/wp-content\/uploads\/2021\/07\/kats-weil-CLD1i8hp008-unsplash-768x513.jpg 768w, https:\/\/treffpunkt-17.de\/wp-content\/uploads\/2021\/07\/kats-weil-CLD1i8hp008-unsplash-1536x1026.jpg 1536w, https:\/\/treffpunkt-17.de\/wp-content\/uploads\/2021\/07\/kats-weil-CLD1i8hp008-unsplash-1200x801.jpg 1200w, https:\/\/treffpunkt-17.de\/wp-content\/uploads\/2021\/07\/kats-weil-CLD1i8hp008-unsplash.jpg 1920w\" sizes=\"(max-width: 1024px) 100vw, 1024px\" \/><\/figure><\/li><\/ul><\/figure>\n","protected":false},"excerpt":{"rendered":"<p>das Leuchte-Herzchen-am-Fenster-Etablissement Diskret &amp; Tabulos Was im Treffpunkt 17 passiert, bleibt im Treffpunkt 17. \u201eDie Beste Erfahrung in meinem Leben. Ich bin froh, dass ich Teil vom Treffpunkt 17 bin!\u201c Auf drei Etagen beeindruckender Architektur zeigt der Treffpunkt 17 diverse Aktionen &amp; Werke internationaler und zeitgen\u00f6ssischer Kunst, teilweise im Rahmen kunsterotischer Retrospektiven. Existenzielle, politische und [&hellip;]<\/p>\n","protected":false},"author":1,"featured_media":44,"parent":0,"menu_order":0,"comment_status":"closed","ping_status":"closed","template":"","meta":[],"_links":{"self":[{"href":"https:\/\/treffpunkt-17.de\/index.php?rest_route=\/wp\/v2\/pages\/18"}],"collection":[{"href":"https:\/\/treffpunkt-17.de\/index.php?rest_route=\/wp\/v2\/pages"}],"about":[{"href":"https:\/\/treffpunkt-17.de\/index.php?rest_route=\/wp\/v2\/types\/page"}],"author":[{"embeddable":true,"href":"https:\/\/treffpunkt-17.de\/index.php?rest_route=\/wp\/v2\/users\/1"}],"replies":[{"embeddable":true,"href":"https:\/\/treffpunkt-17.de\/index.php?rest_route=%2Fwp%2Fv2%2Fcomments&post=18"}],"version-history":[{"count":16,"href":"https:\/\/treffpunkt-17.de\/index.php?rest_route=\/wp\/v2\/pages\/18\/revisions"}],"predecessor-version":[{"id":129,"href":"https:\/\/treffpunkt-17.de\/index.php?rest_route=\/wp\/v2\/pages\/18\/revisions\/129"}],"wp:featuredmedia":[{"embeddable":true,"href":"https:\/\/treffpunkt-17.de\/index.php?rest_route=\/wp\/v2\/media\/44"}],"wp:attachment":[{"href":"https:\/\/treffpunkt-17.de\/index.php?rest_route=%2Fwp%2Fv2%2Fmedia&parent=18"}],"curies":[{"name":"wp","href":"https:\/\/api.w.org\/{rel}","templated":true}]}}